{"id":4392860,"date":"2021-07-21T22:55:24","date_gmt":"2021-07-21T22:55:24","guid":{"rendered":"https:\/\/groupegiscard.com\/?page_id=4392860"},"modified":"2021-08-07T20:08:52","modified_gmt":"2021-08-07T20:08:52","slug":"entretien-et-maintenance-du-groupe-electrogene","status":"publish","type":"page","link":"https:\/\/groupegiscard.com\/index.php\/entretien-et-maintenance-du-groupe-electrogene\/","title":{"rendered":"Entretien et maintenance du groupe \u00e9lectrog\u00e8ne"},"content":{"rendered":"<p>[et_pb_section fb_built=\u00a0\u00bb1&Prime; disabled_on=\u00a0\u00bboff|off|off\u00a0\u00bb admin_label=\u00a0\u00bbHeader Section\u00a0\u00bb _builder_version=\u00a0\u00bb4.9.10&Prime; use_background_color_gradient=\u00a0\u00bbon\u00a0\u00bb background_color_gradient_start=\u00a0\u00bbrgba(20,61,88,0.65)\u00a0\u00bb background_color_gradient_end=\u00a0\u00bb#143d58&Prime; background_color_gradient_overlays_image=\u00a0\u00bbon\u00a0\u00bb background_image=\u00a0\u00bbhttps:\/\/groupegiscard.com\/wp-content\/uploads\/2021\/08\/car_repair_shop-02.jpg\u00a0\u00bb custom_margin=\u00a0\u00bb|||\u00a0\u00bb custom_padding=\u00a0\u00bb6vw|0px|6vw|0px\u00a0\u00bb bottom_divider_style=\u00a0\u00bbmountains2&Prime; bottom_divider_color=\u00a0\u00bbrgba(5,41,66,0.3)\u00a0\u00bb bottom_divider_height=\u00a0\u00bb20vw\u00a0\u00bb animation_style=\u00a0\u00bbslide\u00a0\u00bb animation_direction=\u00a0\u00bbtop\u00a0\u00bb animation_intensity_slide=\u00a0\u00bb3%\u00a0\u00bb animation_starting_opacity=\u00a0\u00bb100%\u00a0\u00bb locked=\u00a0\u00bboff\u00a0\u00bb][et_pb_row disabled_on=\u00a0\u00bboff|off|off\u00a0\u00bb module_class=\u00a0\u00bb et_pb_row_fullwidth\u00a0\u00bb _builder_version=\u00a0\u00bb4.9.10&Prime; width=\u00a0\u00bb89%\u00a0\u00bb width_tablet=\u00a0\u00bb80%\u00a0\u00bb width_phone=\u00a0\u00bb\u00a0\u00bb width_last_edited=\u00a0\u00bbon|desktop\u00a0\u00bb max_width_tablet=\u00a0\u00bb80%\u00a0\u00bb max_width_phone=\u00a0\u00bb\u00a0\u00bb max_width_last_edited=\u00a0\u00bbon|desktop\u00a0\u00bb custom_margin=\u00a0\u00bb100px||100px||false|false\u00a0\u00bb make_fullwidth=\u00a0\u00bbon\u00a0\u00bb][et_pb_column type=\u00a0\u00bb4_4&Prime; _builder_version=\u00a0\u00bb4.9.10&Prime; custom_padding=\u00a0\u00bb|||\u00a0\u00bb custom_padding__hover=\u00a0\u00bb|||\u00a0\u00bb][et_pb_text disabled_on=\u00a0\u00bboff|off|off\u00a0\u00bb _builder_version=\u00a0\u00bb4.9.10&Prime; text_font=\u00a0\u00bbMontserrat||||||||\u00a0\u00bb header_font=\u00a0\u00bbMontserrat|600||on|||||\u00a0\u00bb header_text_align=\u00a0\u00bbleft\u00a0\u00bb header_font_size=\u00a0\u00bb3vw\u00a0\u00bb transform_translate=\u00a0\u00bb0px|85px\u00a0\u00bb text_orientation=\u00a0\u00bbcenter\u00a0\u00bb background_layout=\u00a0\u00bbdark\u00a0\u00bb custom_margin=\u00a0\u00bb|||\u00a0\u00bb header_font_size_tablet=\u00a0\u00bb50px\u00a0\u00bb header_font_size_phone=\u00a0\u00bb\u00a0\u00bb header_font_size_last_edited=\u00a0\u00bbon|desktop\u00a0\u00bb header_line_height_tablet=\u00a0\u00bb1.1em\u00a0\u00bb header_line_height_phone=\u00a0\u00bb1.2em\u00a0\u00bb header_line_height_last_edited=\u00a0\u00bboff|desktop\u00a0\u00bb]<\/p>\n<h1>Entretien et maintenance du groupe \u00e9lectrog\u00e8ne<\/h1>\n<p>[\/et_pb_text][\/et_pb_column][\/et_pb_row][\/et_pb_section][et_pb_section fb_built=\u00a0\u00bb1&Prime; _builder_version=\u00a0\u00bb4.9.10&Prime; _module_preset=\u00a0\u00bbdefault\u00a0\u00bb custom_padding=\u00a0\u00bb||8px|||\u00a0\u00bb][et_pb_row column_structure=\u00a0\u00bb1_2,1_2&Prime; use_custom_gutter=\u00a0\u00bbon\u00a0\u00bb gutter_width=\u00a0\u00bb2&Prime; _builder_version=\u00a0\u00bb4.9.10&Prime; _module_preset=\u00a0\u00bbdefault\u00a0\u00bb width=\u00a0\u00bb100%\u00a0\u00bb module_alignment=\u00a0\u00bbcenter\u00a0\u00bb custom_padding=\u00a0\u00bb0px||||false|false\u00a0\u00bb locked=\u00a0\u00bboff\u00a0\u00bb][et_pb_column type=\u00a0\u00bb1_2&Prime; _builder_version=\u00a0\u00bb4.9.10&Prime; _module_preset=\u00a0\u00bbdefault\u00a0\u00bb][dnxte_gradient_text gradient_title=\u00a0\u00bbEntretien et maintenance du groupe \u00e9lectrog\u00e8ne\u00a0\u00bb gradient_color_one_select_text=\u00a0\u00bb#4c00ff\u00a0\u00bb gradient_color_two_select_text=\u00a0\u00bb#ff19ba\u00a0\u00bb gradient_type_linear_direction_text=\u00a0\u00bb174deg\u00a0\u00bb text_reveal_effect=\u00a0\u00bbon\u00a0\u00bb text_reveal_color_before=\u00a0\u00bbrgba(76,0,255,0.67)\u00a0\u00bb _builder_version=\u00a0\u00bb4.9.10&Prime; _module_preset=\u00a0\u00bbdefault\u00a0\u00bb gradient_fonts_font=\u00a0\u00bbFira Sans|800|||||||\u00a0\u00bb gradient_fonts_font_size=\u00a0\u00bb42px\u00a0\u00bb gradient_fonts_line_height=\u00a0\u00bb1.2em\u00a0\u00bb text_orientation=\u00a0\u00bbcenter\u00a0\u00bb custom_margin=\u00a0\u00bb5px|||||\u00a0\u00bb custom_padding_tablet=\u00a0\u00bb||15px||false|false\u00a0\u00bb custom_padding_phone=\u00a0\u00bb\u00a0\u00bb custom_padding_last_edited=\u00a0\u00bbon|phone\u00a0\u00bb gradient_fonts_font_size_tablet=\u00a0\u00bb\u00a0\u00bb gradient_fonts_font_size_phone=\u00a0\u00bb45px\u00a0\u00bb gradient_fonts_font_size_last_edited=\u00a0\u00bbon|phone\u00a0\u00bb locked=\u00a0\u00bboff\u00a0\u00bb][\/dnxte_gradient_text][\/et_pb_column][et_pb_column type=\u00a0\u00bb1_2&Prime; _builder_version=\u00a0\u00bb4.9.10&Prime; _module_preset=\u00a0\u00bbdefault\u00a0\u00bb][et_pb_text _builder_version=\u00a0\u00bb4.9.10&Prime; _module_preset=\u00a0\u00bbdefault\u00a0\u00bb text_font=\u00a0\u00bbArial|600|||||||\u00a0\u00bb text_text_color=\u00a0\u00bb#8300E9&Prime; text_font_size=\u00a0\u00bb20px\u00a0\u00bb text_orientation=\u00a0\u00bbjustified\u00a0\u00bb custom_padding=\u00a0\u00bb10px||||false|false\u00a0\u00bb]<\/p>\n<p>La maintenance r\u00e9pond \u00e0 une r\u00e9glementation stricte qu\u2019il faut veiller \u00e0 respecter.<\/p>\n<p>[\/et_pb_text][\/et_pb_column][\/et_pb_row][\/et_pb_section][et_pb_section fb_built=\u00a0\u00bb1&Prime; next_background_color=\u00a0\u00bb#ffffff\u00a0\u00bb _builder_version=\u00a0\u00bb4.9.10&Prime; _module_preset=\u00a0\u00bbdefault\u00a0\u00bb background_color=\u00a0\u00bb#FFFFFF\u00a0\u00bb use_background_color_gradient=\u00a0\u00bbon\u00a0\u00bb background_color_gradient_start=\u00a0\u00bbrgba(224,43,32,0.2)\u00a0\u00bb background_color_gradient_end=\u00a0\u00bbrgba(224,153,0,0.02)\u00a0\u00bb background_color_gradient_direction=\u00a0\u00bb360deg\u00a0\u00bb custom_margin=\u00a0\u00bb||||false|false\u00a0\u00bb custom_padding=\u00a0\u00bb13px|||||\u00a0\u00bb bottom_divider_style=\u00a0\u00bbcurve\u00a0\u00bb locked=\u00a0\u00bboff\u00a0\u00bb][et_pb_row column_structure=\u00a0\u00bb2_3,1_3&Prime; use_custom_gutter=\u00a0\u00bbon\u00a0\u00bb gutter_width=\u00a0\u00bb2&Prime; _builder_version=\u00a0\u00bb4.9.10&Prime; _module_preset=\u00a0\u00bbdefault\u00a0\u00bb width=\u00a0\u00bb100%\u00a0\u00bb max_width=\u00a0\u00bb1240px\u00a0\u00bb custom_margin=\u00a0\u00bb-1px|auto||auto||\u00a0\u00bb hover_enabled=\u00a0\u00bb0&Prime; sticky_enabled=\u00a0\u00bb0&Prime;][et_pb_column type=\u00a0\u00bb2_3&Prime; _builder_version=\u00a0\u00bb4.9.10&Prime; _module_preset=\u00a0\u00bbdefault\u00a0\u00bb hover_enabled=\u00a0\u00bb0&Prime; sticky_enabled=\u00a0\u00bb0&Prime;][dnxte_image_accordion dnxte_accordion_height=\u00a0\u00bb500px\u00a0\u00bb dnxte_gutter_space=\u00a0\u00bb5px\u00a0\u00bb _builder_version=\u00a0\u00bb4.9.10&Prime; _module_preset=\u00a0\u00bbdefault\u00a0\u00bb hover_enabled=\u00a0\u00bb0&Prime; sticky_enabled=\u00a0\u00bb0&Prime;][dnxte_image_accordion_item dnxte_bg_img=\u00a0\u00bbhttps:\/\/groupegiscard.com\/wp-content\/uploads\/2021\/08\/GG-Services-Groupe-electrogene.jpg\u00a0\u00bb dnxte_imga_title=\u00a0\u00bbOn Hover\u00a0\u00bb dnxte_imga_des=\u00a0\u00bb<\/p>\n<p>Your content goes here. Edit or remove this text inline or in the module Content settings.<\/p>\n<p>\u00a0\u00bb button_text=\u00a0\u00bbRead more\u00a0\u00bb dnxte_imga_desc_padding=\u00a0\u00bb|20px||20px|false|true\u00a0\u00bb dnxte_imga_btn_padding=\u00a0\u00bb7px|20px|7px|20px|true|true\u00a0\u00bb dnxte_imga_icon_color=\u00a0\u00bb#FFFFFF\u00a0\u00bb accordion_hover_overlay_use_color_gradient=\u00a0\u00bbon\u00a0\u00bb accordion_hover_overlay_color_gradient_start=\u00a0\u00bbrgba(0,0,0,0)\u00a0\u00bb accordion_hover_overlay_color_gradient_end=\u00a0\u00bb#000000&Prime; _builder_version=\u00a0\u00bb4.9.10&Prime; _module_preset=\u00a0\u00bbdefault\u00a0\u00bb header_font=\u00a0\u00bbCabin||||||||\u00a0\u00bb dnxte_imga_desc_font=\u00a0\u00bbAssistant||||||||\u00a0\u00bb dnxte_imga_desc_font_size=\u00a0\u00bb16px\u00a0\u00bb dnxte_btn_text_font=\u00a0\u00bbCabin|||on|||||\u00a0\u00bb dnxte_btn_text_font_size=\u00a0\u00bb14px\u00a0\u00bb hover_enabled=\u00a0\u00bb0&Prime; border_radii=\u00a0\u00bbon|5px|5px|5px|5px\u00a0\u00bb title_text=\u00a0\u00bbGG-Services-Groupe electrogene\u00a0\u00bb sticky_enabled=\u00a0\u00bb0&Prime; dnxte_use_icon=\u00a0\u00bboff\u00a0\u00bb][\/dnxte_image_accordion_item][dnxte_image_accordion_item dnxte_bg_img=\u00a0\u00bbhttps:\/\/groupegiscard.com\/wp-content\/uploads\/2021\/08\/GG-Services-Groupe-electrogene1.jpg\u00a0\u00bb dnxte_imga_title=\u00a0\u00bbOn Hover\u00a0\u00bb dnxte_imga_des=\u00a0\u00bb<\/p>\n<p>Your content goes here. Edit or remove this text inline or in the module Content settings.<\/p>\n<p>\u00a0\u00bb dnxte_font_icon=\u00a0\u00bb%%16%%\u00a0\u00bb button_text=\u00a0\u00bbRead more\u00a0\u00bb dnxte_imga_icon_padding=\u00a0\u00bb130px||||false|false\u00a0\u00bb dnxte_imga_desc_padding=\u00a0\u00bb|20px||20px|false|true\u00a0\u00bb dnxte_imga_btn_padding=\u00a0\u00bb7px|20px|7px|20px|true|true\u00a0\u00bb dnxte_imga_icon_color=\u00a0\u00bb#FFFFFF\u00a0\u00bb accordion_hover_overlay_use_color_gradient=\u00a0\u00bbon\u00a0\u00bb accordion_hover_overlay_color_gradient_start=\u00a0\u00bbrgba(0,0,0,0)\u00a0\u00bb accordion_hover_overlay_color_gradient_end=\u00a0\u00bb#000000&Prime; _builder_version=\u00a0\u00bb4.9.10&Prime; _module_preset=\u00a0\u00bbdefault\u00a0\u00bb header_font=\u00a0\u00bbCabin||||||||\u00a0\u00bb dnxte_imga_desc_font=\u00a0\u00bbAssistant||||||||\u00a0\u00bb dnxte_imga_desc_font_size=\u00a0\u00bb16px\u00a0\u00bb hover_enabled=\u00a0\u00bb0&Prime; border_radii=\u00a0\u00bbon|5px|5px|5px|5px\u00a0\u00bb title_text=\u00a0\u00bbGG-Services-Groupe electrogene1&Prime; sticky_enabled=\u00a0\u00bb0&Prime;][\/dnxte_image_accordion_item][dnxte_image_accordion_item dnxte_bg_img=\u00a0\u00bbhttps:\/\/groupegiscard.com\/wp-content\/uploads\/2021\/08\/groupe-electrogene.jpg\u00a0\u00bb dnxte_imga_title=\u00a0\u00bbOn Hover\u00a0\u00bb dnxte_imga_des=\u00a0\u00bb<\/p>\n<p>Your content goes here. Edit or remove this text inline or in the module Content settings.<\/p>\n<p>\u00a0\u00bb dnxte_font_icon=\u00a0\u00bb%%16%%\u00a0\u00bb button_text=\u00a0\u00bbRead more\u00a0\u00bb dnxte_imga_icon_padding=\u00a0\u00bb130px||||false|false\u00a0\u00bb dnxte_imga_desc_padding=\u00a0\u00bb|20px||20px|false|true\u00a0\u00bb dnxte_imga_btn_padding=\u00a0\u00bb7px|20px|7px|20px|true|true\u00a0\u00bb dnxte_imga_icon_color=\u00a0\u00bb#FFFFFF\u00a0\u00bb accordion_hover_overlay_use_color_gradient=\u00a0\u00bbon\u00a0\u00bb accordion_hover_overlay_color_gradient_start=\u00a0\u00bbrgba(0,0,0,0)\u00a0\u00bb accordion_hover_overlay_color_gradient_end=\u00a0\u00bb#000000&Prime; _builder_version=\u00a0\u00bb4.9.10&Prime; _module_preset=\u00a0\u00bbdefault\u00a0\u00bb header_font=\u00a0\u00bbCabin||||||||\u00a0\u00bb dnxte_imga_desc_font=\u00a0\u00bbAssistant||||||||\u00a0\u00bb dnxte_imga_desc_font_size=\u00a0\u00bb16px\u00a0\u00bb hover_enabled=\u00a0\u00bb0&Prime; border_radii=\u00a0\u00bbon|5px|5px|5px|5px\u00a0\u00bb title_text=\u00a0\u00bbgroupe-electrogene\u00a0\u00bb sticky_enabled=\u00a0\u00bb0&Prime;][\/dnxte_image_accordion_item][dnxte_image_accordion_item dnxte_bg_img=\u00a0\u00bbhttps:\/\/groupegiscard.com\/wp-content\/uploads\/2021\/08\/groupe-electrogene-sdmo-essence-2800w-perform-3000-c5.jpg\u00a0\u00bb dnxte_imga_title=\u00a0\u00bbOn Hover\u00a0\u00bb dnxte_imga_des=\u00a0\u00bb<\/p>\n<p>Your content goes here. Edit or remove this text inline or in the module Content settings.<\/p>\n<p>\u00a0\u00bb dnxte_font_icon=\u00a0\u00bb%%16%%\u00a0\u00bb button_text=\u00a0\u00bbRead more\u00a0\u00bb dnxte_imga_icon_padding=\u00a0\u00bb130px||||false|false\u00a0\u00bb dnxte_imga_desc_padding=\u00a0\u00bb|20px||20px|false|true\u00a0\u00bb dnxte_imga_btn_padding=\u00a0\u00bb7px|20px|7px|20px|true|true\u00a0\u00bb dnxte_imga_icon_color=\u00a0\u00bb#FFFFFF\u00a0\u00bb accordion_hover_overlay_use_color_gradient=\u00a0\u00bbon\u00a0\u00bb accordion_hover_overlay_color_gradient_start=\u00a0\u00bbrgba(0,0,0,0)\u00a0\u00bb accordion_hover_overlay_color_gradient_end=\u00a0\u00bb#000000&Prime; _builder_version=\u00a0\u00bb4.9.10&Prime; _module_preset=\u00a0\u00bbdefault\u00a0\u00bb header_font=\u00a0\u00bbCabin||||||||\u00a0\u00bb dnxte_imga_desc_font=\u00a0\u00bbAssistant||||||||\u00a0\u00bb dnxte_imga_desc_font_size=\u00a0\u00bb16px\u00a0\u00bb hover_enabled=\u00a0\u00bb0&Prime; border_radii=\u00a0\u00bbon|5px|5px|5px|5px\u00a0\u00bb title_text=\u00a0\u00bbgroupe-electrogene-sdmo-essence-2800w-perform-3000-c5&Prime; sticky_enabled=\u00a0\u00bb0&Prime;][\/dnxte_image_accordion_item][\/dnxte_image_accordion][\/et_pb_column][et_pb_column type=\u00a0\u00bb1_3&Prime; _builder_version=\u00a0\u00bb4.9.0&Prime; _module_preset=\u00a0\u00bbdefault\u00a0\u00bb][dnxte_text_divider dnxt_divider_text=\u00a0\u00bbEntretien\u00a0\u00bb _builder_version=\u00a0\u00bb4.9.10&Prime; _module_preset=\u00a0\u00bbdefault\u00a0\u00bb dnxt_divider_fonts_font=\u00a0\u00bbAbel|700|||||||\u00a0\u00bb dnxt_divider_fonts_text_color=\u00a0\u00bb#0C71C3&Prime;][\/dnxte_text_divider][dnxte_text_divider dnxt_divider_text=\u00a0\u00bbet maintenance\u00a0\u00bb _builder_version=\u00a0\u00bb4.9.10&Prime; _module_preset=\u00a0\u00bbdefault\u00a0\u00bb dnxt_divider_fonts_font=\u00a0\u00bbAbel|700|||||||\u00a0\u00bb dnxt_divider_fonts_text_color=\u00a0\u00bb#0C71C3&Prime;][\/dnxte_text_divider][et_pb_text _builder_version=\u00a0\u00bb4.9.10&Prime; _module_preset=\u00a0\u00bbdefault\u00a0\u00bb text_font_size=\u00a0\u00bb16px\u00a0\u00bb ul_font=\u00a0\u00bb|600|||||||\u00a0\u00bb ul_text_align=\u00a0\u00bbjustify\u00a0\u00bb transform_translate=\u00a0\u00bb0px|16px\u00a0\u00bb]<\/p>\n<ul>\n<li style=\"text-align: justify;\"><span style=\"color: #ff0000;\"><strong>Il est recommand\u00e9 de faire des essais et v\u00e9rifications<\/strong><\/span> : tous les mois, le groupe \u00e9lectrog\u00e8ne doit tourner pendant 30 minutes en charge \u00e0 50% ; toutes les deux semaines, proc\u00e9der aux contr\u00f4les demand\u00e9s dans le guide d\u2019entretien.<\/li>\n<li style=\"text-align: justify;\"><strong><span style=\"color: #ff0000;\">Tous les six mois<\/span><\/strong> : nettoyer le pare \u00e9tincelles et contr\u00f4ler le tuyau du carburant. Il faut pr\u00e9voir de le remplacer si celui-ci est endommag\u00e9.<\/li>\n<li style=\"text-align: justify;\"><span style=\"color: #ff0000;\"><strong>Tous les ans<\/strong><\/span> : r\u00e9gler les soupapes et nettoyer et purger le r\u00e9servoir de carburant.<\/li>\n<li style=\"text-align: justify;\"><span style=\"color: #ff0000;\"><strong>Tous les deux ans<\/strong><\/span> : nettoyer la chambre \u00e0 combustion.<\/li>\n<\/ul>\n<p>[\/et_pb_text][\/et_pb_column][\/et_pb_row][\/et_pb_section]<\/p>\n","protected":false},"excerpt":{"rendered":"<p>Entretien et maintenance du groupe \u00e9lectrog\u00e8ne Entretien et maintenance du groupe \u00e9lectrog\u00e8ne La maintenance r\u00e9pond \u00e0 une r\u00e9glementation stricte qu\u2019il faut veiller \u00e0 respecter. On Hover Your content goes here. Edit or remove this text inline or in the module Content settings. Read more &#x31; On Hover Your content goes here. Edit or remove this [&hellip;]<\/p>\n","protected":false},"author":1,"featured_media":0,"parent":0,"menu_order":0,"comment_status":"closed","ping_status":"closed","template":"","meta":{"_et_pb_use_builder":"on","_et_pb_old_content":"","_et_gb_content_width":"","footnotes":""},"class_list":["post-4392860","page","type-page","status-publish","hentry"],"yoast_head":"<!-- This site is optimized with the Yoast SEO plugin v27.2 - https:\/\/yoast.com\/product\/yoast-seo-wordpress\/ -->\n<title>Entretien et maintenance du groupe \u00e9lectrog\u00e8ne - GG-SERVICES<\/title>\n<meta name=\"robots\" content=\"index, follow, max-snippet:-1, max-image-preview:large, max-video-preview:-1\" \/>\n<link rel=\"canonical\" href=\"https:\/\/groupegiscard.com\/index.php\/entretien-et-maintenance-du-groupe-electrogene\/\" \/>\n<meta property=\"og:locale\" content=\"fr_FR\" \/>\n<meta property=\"og:type\" content=\"article\" \/>\n<meta property=\"og:title\" content=\"Entretien et maintenance du groupe \u00e9lectrog\u00e8ne - GG-SERVICES\" \/>\n<meta property=\"og:description\" content=\"Entretien et maintenance du groupe \u00e9lectrog\u00e8ne Entretien et maintenance du groupe \u00e9lectrog\u00e8ne La maintenance r\u00e9pond \u00e0 une r\u00e9glementation stricte qu\u2019il faut veiller \u00e0 respecter. On Hover Your content goes here. Edit or remove this text inline or in the module Content settings. Read more &#x31; On Hover Your content goes here. Edit or remove this [&hellip;]\" \/>\n<meta property=\"og:url\" content=\"https:\/\/groupegiscard.com\/index.php\/entretien-et-maintenance-du-groupe-electrogene\/\" \/>\n<meta property=\"og:site_name\" content=\"GG-SERVICES\" \/>\n<meta property=\"article:modified_time\" content=\"2021-08-07T20:08:52+00:00\" \/>\n<meta name=\"twitter:card\" content=\"summary_large_image\" \/>\n<script type=\"application\/ld+json\" class=\"yoast-schema-graph\">{\"@context\":\"https:\/\/schema.org\",\"@graph\":[{\"@type\":\"WebPage\",\"@id\":\"https:\/\/groupegiscard.com\/index.php\/entretien-et-maintenance-du-groupe-electrogene\/\",\"url\":\"https:\/\/groupegiscard.com\/index.php\/entretien-et-maintenance-du-groupe-electrogene\/\",\"name\":\"Entretien et maintenance du groupe \u00e9lectrog\u00e8ne - GG-SERVICES\",\"isPartOf\":{\"@id\":\"https:\/\/groupegiscard.com\/#website\"},\"datePublished\":\"2021-07-21T22:55:24+00:00\",\"dateModified\":\"2021-08-07T20:08:52+00:00\",\"breadcrumb\":{\"@id\":\"https:\/\/groupegiscard.com\/index.php\/entretien-et-maintenance-du-groupe-electrogene\/#breadcrumb\"},\"inLanguage\":\"fr-FR\",\"potentialAction\":[{\"@type\":\"ReadAction\",\"target\":[\"https:\/\/groupegiscard.com\/index.php\/entretien-et-maintenance-du-groupe-electrogene\/\"]}]},{\"@type\":\"BreadcrumbList\",\"@id\":\"https:\/\/groupegiscard.com\/index.php\/entretien-et-maintenance-du-groupe-electrogene\/#breadcrumb\",\"itemListElement\":[{\"@type\":\"ListItem\",\"position\":1,\"name\":\"Accueil\",\"item\":\"https:\/\/groupegiscard.com\/\"},{\"@type\":\"ListItem\",\"position\":2,\"name\":\"Entretien et maintenance du groupe \u00e9lectrog\u00e8ne\"}]},{\"@type\":\"WebSite\",\"@id\":\"https:\/\/groupegiscard.com\/#website\",\"url\":\"https:\/\/groupegiscard.com\/\",\"name\":\"GG-SERVICES\",\"description\":\"pour votre r\u00e9vision ou entretien auto\",\"potentialAction\":[{\"@type\":\"SearchAction\",\"target\":{\"@type\":\"EntryPoint\",\"urlTemplate\":\"https:\/\/groupegiscard.com\/?s={search_term_string}\"},\"query-input\":{\"@type\":\"PropertyValueSpecification\",\"valueRequired\":true,\"valueName\":\"search_term_string\"}}],\"inLanguage\":\"fr-FR\"}]}<\/script>\n<!-- \/ Yoast SEO plugin. -->","yoast_head_json":{"title":"Entretien et maintenance du groupe \u00e9lectrog\u00e8ne - GG-SERVICES","robots":{"index":"index","follow":"follow","max-snippet":"max-snippet:-1","max-image-preview":"max-image-preview:large","max-video-preview":"max-video-preview:-1"},"canonical":"https:\/\/groupegiscard.com\/index.php\/entretien-et-maintenance-du-groupe-electrogene\/","og_locale":"fr_FR","og_type":"article","og_title":"Entretien et maintenance du groupe \u00e9lectrog\u00e8ne - GG-SERVICES","og_description":"Entretien et maintenance du groupe \u00e9lectrog\u00e8ne Entretien et maintenance du groupe \u00e9lectrog\u00e8ne La maintenance r\u00e9pond \u00e0 une r\u00e9glementation stricte qu\u2019il faut veiller \u00e0 respecter. On Hover Your content goes here. Edit or remove this text inline or in the module Content settings. Read more &#x31; On Hover Your content goes here. Edit or remove this [&hellip;]","og_url":"https:\/\/groupegiscard.com\/index.php\/entretien-et-maintenance-du-groupe-electrogene\/","og_site_name":"GG-SERVICES","article_modified_time":"2021-08-07T20:08:52+00:00","twitter_card":"summary_large_image","schema":{"@context":"https:\/\/schema.org","@graph":[{"@type":"WebPage","@id":"https:\/\/groupegiscard.com\/index.php\/entretien-et-maintenance-du-groupe-electrogene\/","url":"https:\/\/groupegiscard.com\/index.php\/entretien-et-maintenance-du-groupe-electrogene\/","name":"Entretien et maintenance du groupe \u00e9lectrog\u00e8ne - GG-SERVICES","isPartOf":{"@id":"https:\/\/groupegiscard.com\/#website"},"datePublished":"2021-07-21T22:55:24+00:00","dateModified":"2021-08-07T20:08:52+00:00","breadcrumb":{"@id":"https:\/\/groupegiscard.com\/index.php\/entretien-et-maintenance-du-groupe-electrogene\/#breadcrumb"},"inLanguage":"fr-FR","potentialAction":[{"@type":"ReadAction","target":["https:\/\/groupegiscard.com\/index.php\/entretien-et-maintenance-du-groupe-electrogene\/"]}]},{"@type":"BreadcrumbList","@id":"https:\/\/groupegiscard.com\/index.php\/entretien-et-maintenance-du-groupe-electrogene\/#breadcrumb","itemListElement":[{"@type":"ListItem","position":1,"name":"Accueil","item":"https:\/\/groupegiscard.com\/"},{"@type":"ListItem","position":2,"name":"Entretien et maintenance du groupe \u00e9lectrog\u00e8ne"}]},{"@type":"WebSite","@id":"https:\/\/groupegiscard.com\/#website","url":"https:\/\/groupegiscard.com\/","name":"GG-SERVICES","description":"pour votre r\u00e9vision ou entretien auto","potentialAction":[{"@type":"SearchAction","target":{"@type":"EntryPoint","urlTemplate":"https:\/\/groupegiscard.com\/?s={search_term_string}"},"query-input":{"@type":"PropertyValueSpecification","valueRequired":true,"valueName":"search_term_string"}}],"inLanguage":"fr-FR"}]}},"_links":{"self":[{"href":"https:\/\/groupegiscard.com\/index.php\/wp-json\/wp\/v2\/pages\/4392860","targetHints":{"allow":["GET"]}}],"collection":[{"href":"https:\/\/groupegiscard.com\/index.php\/wp-json\/wp\/v2\/pages"}],"about":[{"href":"https:\/\/groupegiscard.com\/index.php\/wp-json\/wp\/v2\/types\/page"}],"author":[{"embeddable":true,"href":"https:\/\/groupegiscard.com\/index.php\/wp-json\/wp\/v2\/users\/1"}],"replies":[{"embeddable":true,"href":"https:\/\/groupegiscard.com\/index.php\/wp-json\/wp\/v2\/comments?post=4392860"}],"version-history":[{"count":13,"href":"https:\/\/groupegiscard.com\/index.php\/wp-json\/wp\/v2\/pages\/4392860\/revisions"}],"predecessor-version":[{"id":4393089,"href":"https:\/\/groupegiscard.com\/index.php\/wp-json\/wp\/v2\/pages\/4392860\/revisions\/4393089"}],"wp:attachment":[{"href":"https:\/\/groupegiscard.com\/index.php\/wp-json\/wp\/v2\/media?parent=4392860"}],"curies":[{"name":"wp","href":"https:\/\/api.w.org\/{rel}","templated":true}]}}